{"id":24,"date":"2024-07-02T13:36:40","date_gmt":"2024-07-02T13:36:40","guid":{"rendered":"https:\/\/granjashouse.com\/?page_id=24"},"modified":"2025-02-25T17:33:33","modified_gmt":"2025-02-25T17:33:33","slug":"espacos","status":"publish","type":"page","link":"https:\/\/granjashouse.com\/en\/espacos\/","title":{"rendered":"AREAS"},"content":{"rendered":"<div data-elementor-type=\"wp-page\" data-elementor-id=\"24\" class=\"elementor elementor-24\">\n\t\t\t\t<div class=\"elementor-element elementor-element-85f0560 e-con-full e-flex e-con e-parent\" data-id=\"85f0560\" data-element_type=\"container\" data-settings=\"{&quot;background_background&quot;:&quot;classic&quot;}\">\n\t\t\t\t<div class=\"elementor-element elementor-element-5d1c7a7 elementor-widget elementor-widget-image\" data-id=\"5d1c7a7\" data-element_type=\"widget\" data-widget_type=\"image.default\">\n\t\t\t\t<div class=\"elementor-widget-container\">\n\t\t\t\t\t\t\t\t\t\t\t\t\t<img decoding=\"async\" src=\"https:\/\/granjashouse.com\/wp-content\/uploads\/elementor\/thumbs\/cropped-2-qqkan9f6qrfqbbq8kmgkcwknaqo6kfub8l4q2lhm20.png\" title=\"cropped-2.png\" alt=\"\" loading=\"lazy\" \/>\t\t\t\t\t\t\t\t\t\t\t\t\t<\/div>\n\t\t\t\t<\/div>\n\t\t\t\t<div class=\"elementor-element elementor-element-9931a28 elementor-widget elementor-widget-heading\" data-id=\"9931a28\" data-element_type=\"widget\" data-widget_type=\"heading.default\">\n\t\t\t\t<div class=\"elementor-widget-container\">\n\t\t\t<h6 class=\"elementor-heading-title elementor-size-default\">AREAS<\/h6>\t\t<\/div>\n\t\t\t\t<\/div>\n\t\t\t\t<\/div>\n\t\t<div class=\"elementor-element elementor-element-d5fe934 e-flex e-con-boxed e-con e-parent\" data-id=\"d5fe934\" data-element_type=\"container\">\n\t\t\t\t\t<div class=\"e-con-inner\">\n\t\t\t\t<div class=\"elementor-element elementor-element-0a24f16 elementor-widget elementor-widget-text-editor\" data-id=\"0a24f16\" data-element_type=\"widget\" data-widget_type=\"text-editor.default\">\n\t\t\t\t<div class=\"elementor-widget-container\">\n\t\t\t\t\t\t\t<p><strong>EXTERIOR SWIMMING POOL<\/strong><\/p>\t\t\t\t\t\t<\/div>\n\t\t\t\t<\/div>\n\t\t\t\t\t<\/div>\n\t\t\t\t<\/div>\n\t\t<div class=\"elementor-element elementor-element-3358585 e-flex e-con-boxed e-con e-parent\" data-id=\"3358585\" data-element_type=\"container\">\n\t\t\t\t\t<div class=\"e-con-inner\">\n\t\t<div class=\"elementor-element elementor-element-743f7c4 e-con-full e-flex e-con e-child\" data-id=\"743f7c4\" data-element_type=\"container\">\n\t\t\t\t<div class=\"elementor-element elementor-element-e9b0db5 elementor-widget elementor-widget-image\" data-id=\"e9b0db5\" data-element_type=\"widget\" data-widget_type=\"image.default\">\n\t\t\t\t<div class=\"elementor-widget-container\">\n\t\t\t\t\t\t\t\t\t\t\t\t\t<img fetchpriority=\"high\" decoding=\"async\" width=\"619\" height=\"465\" src=\"https:\/\/granjashouse.com\/wp-content\/uploads\/2025\/02\/WhatsApp-Image-2025-02-24-at-16.57.03-2-e1740480060950.jpeg\" class=\"attachment-large size-large wp-image-3518\" alt=\"\" srcset=\"https:\/\/granjashouse.com\/wp-content\/uploads\/2025\/02\/WhatsApp-Image-2025-02-24-at-16.57.03-2-e1740480060950.jpeg 619w, https:\/\/granjashouse.com\/wp-content\/uploads\/2025\/02\/WhatsApp-Image-2025-02-24-at-16.57.03-2-e1740480060950-300x225.jpeg 300w, https:\/\/granjashouse.com\/wp-content\/uploads\/2025\/02\/WhatsApp-Image-2025-02-24-at-16.57.03-2-e1740480060950-600x451.jpeg 600w\" sizes=\"(max-width: 619px) 100vw, 619px\" \/>\t\t\t\t\t\t\t\t\t\t\t\t\t<\/div>\n\t\t\t\t<\/div>\n\t\t\t\t<\/div>\n\t\t<div class=\"elementor-element elementor-element-9a10d80 e-con-full e-flex e-con e-child\" data-id=\"9a10d80\" data-element_type=\"container\">\n\t\t\t\t<div class=\"elementor-element elementor-element-a065a5a elementor-widget elementor-widget-image\" data-id=\"a065a5a\" data-element_type=\"widget\" data-widget_type=\"image.default\">\n\t\t\t\t<div class=\"elementor-widget-container\">\n\t\t\t\t\t\t\t\t\t\t\t\t\t<img decoding=\"async\" width=\"618\" height=\"463\" src=\"https:\/\/granjashouse.com\/wp-content\/uploads\/2025\/02\/WhatsApp-Image-2025-02-24-at-16.57.03-4-e1740480097731.jpeg\" class=\"attachment-large size-large wp-image-3516\" alt=\"\" srcset=\"https:\/\/granjashouse.com\/wp-content\/uploads\/2025\/02\/WhatsApp-Image-2025-02-24-at-16.57.03-4-e1740480097731.jpeg 618w, https:\/\/granjashouse.com\/wp-content\/uploads\/2025\/02\/WhatsApp-Image-2025-02-24-at-16.57.03-4-e1740480097731-300x225.jpeg 300w, https:\/\/granjashouse.com\/wp-content\/uploads\/2025\/02\/WhatsApp-Image-2025-02-24-at-16.57.03-4-e1740480097731-600x450.jpeg 600w\" sizes=\"(max-width: 618px) 100vw, 618px\" \/>\t\t\t\t\t\t\t\t\t\t\t\t\t<\/div>\n\t\t\t\t<\/div>\n\t\t\t\t<\/div>\n\t\t\t\t\t<\/div>\n\t\t\t\t<\/div>\n\t\t<div class=\"elementor-element elementor-element-a0ffbb5 e-flex e-con-boxed e-con e-parent\" data-id=\"a0ffbb5\" data-element_type=\"container\">\n\t\t\t\t\t<div class=\"e-con-inner\">\n\t\t\t\t<div class=\"elementor-element elementor-element-a66906c elementor-widget elementor-widget-text-editor\" data-id=\"a66906c\" data-element_type=\"widget\" data-widget_type=\"text-editor.default\">\n\t\t\t\t<div class=\"elementor-widget-container\">\n\t\t\t\t\t\t\t<p><strong>EXTERIOR BAR<\/strong><\/p>\t\t\t\t\t\t<\/div>\n\t\t\t\t<\/div>\n\t\t\t\t\t<\/div>\n\t\t\t\t<\/div>\n\t\t<div class=\"elementor-element elementor-element-e96bbf0 e-flex e-con-boxed e-con e-parent\" data-id=\"e96bbf0\" data-element_type=\"container\">\n\t\t\t\t\t<div class=\"e-con-inner\">\n\t\t<div class=\"elementor-element elementor-element-4cfe85e e-con-full e-flex e-con e-child\" data-id=\"4cfe85e\" data-element_type=\"container\">\n\t\t\t\t<div class=\"elementor-element elementor-element-6b8f2d9 elementor-widget elementor-widget-image\" data-id=\"6b8f2d9\" data-element_type=\"widget\" data-widget_type=\"image.default\">\n\t\t\t\t<div class=\"elementor-widget-container\">\n\t\t\t\t\t\t\t\t\t\t\t\t\t<img decoding=\"async\" width=\"1024\" height=\"771\" src=\"https:\/\/granjashouse.com\/wp-content\/uploads\/2025\/02\/WhatsApp-Image-2025-02-25-at-10.43.41-2-e1740494531581-1024x771.jpeg\" class=\"attachment-large size-large wp-image-3664\" alt=\"\" srcset=\"https:\/\/granjashouse.com\/wp-content\/uploads\/2025\/02\/WhatsApp-Image-2025-02-25-at-10.43.41-2-e1740494531581-1024x771.jpeg 1024w, https:\/\/granjashouse.com\/wp-content\/uploads\/2025\/02\/WhatsApp-Image-2025-02-25-at-10.43.41-2-e1740494531581-300x226.jpeg 300w, https:\/\/granjashouse.com\/wp-content\/uploads\/2025\/02\/WhatsApp-Image-2025-02-25-at-10.43.41-2-e1740494531581-768x579.jpeg 768w, https:\/\/granjashouse.com\/wp-content\/uploads\/2025\/02\/WhatsApp-Image-2025-02-25-at-10.43.41-2-e1740494531581-1536x1157.jpeg 1536w, https:\/\/granjashouse.com\/wp-content\/uploads\/2025\/02\/WhatsApp-Image-2025-02-25-at-10.43.41-2-e1740494531581-600x452.jpeg 600w, https:\/\/granjashouse.com\/wp-content\/uploads\/2025\/02\/WhatsApp-Image-2025-02-25-at-10.43.41-2-e1740494531581.jpeg 1812w\" sizes=\"(max-width: 1024px) 100vw, 1024px\" \/>\t\t\t\t\t\t\t\t\t\t\t\t\t<\/div>\n\t\t\t\t<\/div>\n\t\t\t\t<\/div>\n\t\t<div class=\"elementor-element elementor-element-98e6cf7 e-con-full e-flex e-con e-child\" data-id=\"98e6cf7\" data-element_type=\"container\">\n\t\t\t\t<div class=\"elementor-element elementor-element-01a86fe elementor-widget elementor-widget-image\" data-id=\"01a86fe\" data-element_type=\"widget\" data-widget_type=\"image.default\">\n\t\t\t\t<div class=\"elementor-widget-container\">\n\t\t\t\t\t\t\t\t\t\t\t\t\t<img loading=\"lazy\" decoding=\"async\" width=\"1024\" height=\"773\" src=\"https:\/\/granjashouse.com\/wp-content\/uploads\/2025\/02\/WhatsApp-Image-2025-02-25-at-10.43.41-3-e1740504806437-1024x773.jpeg\" class=\"attachment-large size-large wp-image-3663\" alt=\"\" srcset=\"https:\/\/granjashouse.com\/wp-content\/uploads\/2025\/02\/WhatsApp-Image-2025-02-25-at-10.43.41-3-e1740504806437-1024x773.jpeg 1024w, https:\/\/granjashouse.com\/wp-content\/uploads\/2025\/02\/WhatsApp-Image-2025-02-25-at-10.43.41-3-e1740504806437-300x226.jpeg 300w, https:\/\/granjashouse.com\/wp-content\/uploads\/2025\/02\/WhatsApp-Image-2025-02-25-at-10.43.41-3-e1740504806437-768x580.jpeg 768w, https:\/\/granjashouse.com\/wp-content\/uploads\/2025\/02\/WhatsApp-Image-2025-02-25-at-10.43.41-3-e1740504806437-1536x1159.jpeg 1536w, https:\/\/granjashouse.com\/wp-content\/uploads\/2025\/02\/WhatsApp-Image-2025-02-25-at-10.43.41-3-e1740504806437-600x453.jpeg 600w, https:\/\/granjashouse.com\/wp-content\/uploads\/2025\/02\/WhatsApp-Image-2025-02-25-at-10.43.41-3-e1740504806437-16x12.jpeg 16w, https:\/\/granjashouse.com\/wp-content\/uploads\/2025\/02\/WhatsApp-Image-2025-02-25-at-10.43.41-3-e1740504806437.jpeg 1809w\" sizes=\"(max-width: 1024px) 100vw, 1024px\" \/>\t\t\t\t\t\t\t\t\t\t\t\t\t<\/div>\n\t\t\t\t<\/div>\n\t\t\t\t<\/div>\n\t\t\t\t\t<\/div>\n\t\t\t\t<\/div>\n\t\t<div class=\"elementor-element elementor-element-2b9ee95 e-flex e-con-boxed e-con e-parent\" data-id=\"2b9ee95\" data-element_type=\"container\">\n\t\t\t\t\t<div class=\"e-con-inner\">\n\t\t\t\t<div class=\"elementor-element elementor-element-3032f15 elementor-widget elementor-widget-text-editor\" data-id=\"3032f15\" data-element_type=\"widget\" data-widget_type=\"text-editor.default\">\n\t\t\t\t<div class=\"elementor-widget-container\">\n\t\t\t\t\t\t\t<p><strong>BREAKFAST ROOM <\/strong><\/p>\t\t\t\t\t\t<\/div>\n\t\t\t\t<\/div>\n\t\t\t\t\t<\/div>\n\t\t\t\t<\/div>\n\t\t<div class=\"elementor-element elementor-element-0939ded e-flex e-con-boxed e-con e-parent\" data-id=\"0939ded\" data-element_type=\"container\">\n\t\t\t\t\t<div class=\"e-con-inner\">\n\t\t<div class=\"elementor-element elementor-element-7331119 e-con-full e-flex e-con e-child\" data-id=\"7331119\" data-element_type=\"container\">\n\t\t\t\t<div class=\"elementor-element elementor-element-39d0725 elementor-widget elementor-widget-image\" data-id=\"39d0725\" data-element_type=\"widget\" data-widget_type=\"image.default\">\n\t\t\t\t<div class=\"elementor-widget-container\">\n\t\t\t\t\t\t\t\t\t\t\t\t\t<img loading=\"lazy\" decoding=\"async\" width=\"883\" height=\"662\" src=\"https:\/\/granjashouse.com\/wp-content\/uploads\/2025\/02\/WhatsApp-Image-2025-02-25-at-12.03.50-1.jpeg\" class=\"attachment-large size-large wp-image-3708\" alt=\"\" srcset=\"https:\/\/granjashouse.com\/wp-content\/uploads\/2025\/02\/WhatsApp-Image-2025-02-25-at-12.03.50-1.jpeg 883w, https:\/\/granjashouse.com\/wp-content\/uploads\/2025\/02\/WhatsApp-Image-2025-02-25-at-12.03.50-1-300x225.jpeg 300w, https:\/\/granjashouse.com\/wp-content\/uploads\/2025\/02\/WhatsApp-Image-2025-02-25-at-12.03.50-1-768x576.jpeg 768w, https:\/\/granjashouse.com\/wp-content\/uploads\/2025\/02\/WhatsApp-Image-2025-02-25-at-12.03.50-1-600x450.jpeg 600w\" sizes=\"(max-width: 883px) 100vw, 883px\" \/>\t\t\t\t\t\t\t\t\t\t\t\t\t<\/div>\n\t\t\t\t<\/div>\n\t\t\t\t<\/div>\n\t\t<div class=\"elementor-element elementor-element-1d96204 e-con-full e-flex e-con e-child\" data-id=\"1d96204\" data-element_type=\"container\">\n\t\t\t\t<div class=\"elementor-element elementor-element-36f248c elementor-widget elementor-widget-image\" data-id=\"36f248c\" data-element_type=\"widget\" data-widget_type=\"image.default\">\n\t\t\t\t<div class=\"elementor-widget-container\">\n\t\t\t\t\t\t\t\t\t\t\t\t\t<img loading=\"lazy\" decoding=\"async\" width=\"1024\" height=\"768\" src=\"https:\/\/granjashouse.com\/wp-content\/uploads\/2025\/02\/WhatsApp-Image-2025-02-24-at-16.57.03-1024x768.jpeg\" class=\"attachment-large size-large wp-image-3520\" alt=\"\" srcset=\"https:\/\/granjashouse.com\/wp-content\/uploads\/2025\/02\/WhatsApp-Image-2025-02-24-at-16.57.03-1024x768.jpeg 1024w, https:\/\/granjashouse.com\/wp-content\/uploads\/2025\/02\/WhatsApp-Image-2025-02-24-at-16.57.03-300x225.jpeg 300w, https:\/\/granjashouse.com\/wp-content\/uploads\/2025\/02\/WhatsApp-Image-2025-02-24-at-16.57.03-768x576.jpeg 768w, https:\/\/granjashouse.com\/wp-content\/uploads\/2025\/02\/WhatsApp-Image-2025-02-24-at-16.57.03-1536x1152.jpeg 1536w, https:\/\/granjashouse.com\/wp-content\/uploads\/2025\/02\/WhatsApp-Image-2025-02-24-at-16.57.03-600x450.jpeg 600w, https:\/\/granjashouse.com\/wp-content\/uploads\/2025\/02\/WhatsApp-Image-2025-02-24-at-16.57.03.jpeg 2048w\" sizes=\"(max-width: 1024px) 100vw, 1024px\" \/>\t\t\t\t\t\t\t\t\t\t\t\t\t<\/div>\n\t\t\t\t<\/div>\n\t\t\t\t<\/div>\n\t\t\t\t\t<\/div>\n\t\t\t\t<\/div>\n\t\t<div class=\"elementor-element elementor-element-9dbebc1 e-flex e-con-boxed e-con e-parent\" data-id=\"9dbebc1\" data-element_type=\"container\">\n\t\t\t\t\t<div class=\"e-con-inner\">\n\t\t\t\t<div class=\"elementor-element elementor-element-34bff89 elementor-widget elementor-widget-text-editor\" data-id=\"34bff89\" data-element_type=\"widget\" data-widget_type=\"text-editor.default\">\n\t\t\t\t<div class=\"elementor-widget-container\">\n\t\t\t\t\t\t\t<p><strong>KITCHEN<\/strong><\/p>\t\t\t\t\t\t<\/div>\n\t\t\t\t<\/div>\n\t\t\t\t\t<\/div>\n\t\t\t\t<\/div>\n\t\t<div class=\"elementor-element elementor-element-845f8fe e-flex e-con-boxed e-con e-parent\" data-id=\"845f8fe\" data-element_type=\"container\">\n\t\t\t\t\t<div class=\"e-con-inner\">\n\t\t<div class=\"elementor-element elementor-element-abab319 e-con-full e-flex e-con e-child\" data-id=\"abab319\" data-element_type=\"container\">\n\t\t\t\t<div class=\"elementor-element elementor-element-1ad22e9 elementor-widget elementor-widget-image\" data-id=\"1ad22e9\" data-element_type=\"widget\" data-widget_type=\"image.default\">\n\t\t\t\t<div class=\"elementor-widget-container\">\n\t\t\t\t\t\t\t\t\t\t\t\t\t<img loading=\"lazy\" decoding=\"async\" width=\"872\" height=\"654\" src=\"https:\/\/granjashouse.com\/wp-content\/uploads\/2025\/02\/WhatsApp-Image-2025-02-25-at-12.03.43-1.jpeg\" class=\"attachment-large size-large wp-image-3707\" alt=\"\" srcset=\"https:\/\/granjashouse.com\/wp-content\/uploads\/2025\/02\/WhatsApp-Image-2025-02-25-at-12.03.43-1.jpeg 872w, https:\/\/granjashouse.com\/wp-content\/uploads\/2025\/02\/WhatsApp-Image-2025-02-25-at-12.03.43-1-300x225.jpeg 300w, https:\/\/granjashouse.com\/wp-content\/uploads\/2025\/02\/WhatsApp-Image-2025-02-25-at-12.03.43-1-768x576.jpeg 768w, https:\/\/granjashouse.com\/wp-content\/uploads\/2025\/02\/WhatsApp-Image-2025-02-25-at-12.03.43-1-600x450.jpeg 600w\" sizes=\"(max-width: 872px) 100vw, 872px\" \/>\t\t\t\t\t\t\t\t\t\t\t\t\t<\/div>\n\t\t\t\t<\/div>\n\t\t\t\t<\/div>\n\t\t<div class=\"elementor-element elementor-element-8c7cd8c e-con-full e-flex e-con e-child\" data-id=\"8c7cd8c\" data-element_type=\"container\">\n\t\t\t\t<div class=\"elementor-element elementor-element-3f23276 elementor-widget elementor-widget-image\" data-id=\"3f23276\" data-element_type=\"widget\" data-widget_type=\"image.default\">\n\t\t\t\t<div class=\"elementor-widget-container\">\n\t\t\t\t\t\t\t\t\t\t\t\t\t<img loading=\"lazy\" decoding=\"async\" width=\"908\" height=\"681\" src=\"https:\/\/granjashouse.com\/wp-content\/uploads\/2025\/02\/WhatsApp-Image-2025-02-25-at-11.59.24-1.jpeg\" class=\"attachment-large size-large wp-image-3706\" alt=\"\" srcset=\"https:\/\/granjashouse.com\/wp-content\/uploads\/2025\/02\/WhatsApp-Image-2025-02-25-at-11.59.24-1.jpeg 908w, https:\/\/granjashouse.com\/wp-content\/uploads\/2025\/02\/WhatsApp-Image-2025-02-25-at-11.59.24-1-300x225.jpeg 300w, https:\/\/granjashouse.com\/wp-content\/uploads\/2025\/02\/WhatsApp-Image-2025-02-25-at-11.59.24-1-768x576.jpeg 768w, https:\/\/granjashouse.com\/wp-content\/uploads\/2025\/02\/WhatsApp-Image-2025-02-25-at-11.59.24-1-600x450.jpeg 600w\" sizes=\"(max-width: 908px) 100vw, 908px\" \/>\t\t\t\t\t\t\t\t\t\t\t\t\t<\/div>\n\t\t\t\t<\/div>\n\t\t\t\t<\/div>\n\t\t\t\t\t<\/div>\n\t\t\t\t<\/div>\n\t\t\t\t<\/div>","protected":false},"excerpt":{"rendered":"<p>ESPA\u00c7OS PISCINA EXTERIOR BAR EXTERIOR SAL\u00c3O PEQUENOS-ALMO\u00c7OS COZINHA<\/p>","protected":false},"author":1,"featured_media":0,"parent":0,"menu_order":0,"comment_status":"closed","ping_status":"closed","template":"","meta":{"_uag_custom_page_level_css":"","site-sidebar-layout":"no-sidebar","site-content-layout":"page-builder","ast-site-content-layout":"full-width-container","site-content-style":"default","site-sidebar-style":"default","ast-global-header-display":"","ast-banner-title-visibility":"","ast-main-header-display":"","ast-hfb-above-header-display":"","ast-hfb-below-header-display":"","ast-hfb-mobile-header-display":"","site-post-title":"disabled","ast-breadcrumbs-content":"","ast-featured-img":"disabled","footer-sml-layout":"","theme-transparent-header-meta":"","adv-header-id-meta":"","stick-header-meta":"","header-above-stick-meta":"","header-main-stick-meta":"","header-below-stick-meta":"","astra-migrate-meta-layouts":"default","ast-page-background-enabled":"default","ast-page-background-meta":{"desktop":{"background-color":"var(--ast-global-color-4)","background-image":"","background-repeat":"repeat","background-position":"center center","background-size":"auto","background-attachment":"scroll","background-type":"","background-media":"","overlay-type":"","overlay-color":"","overlay-opacity":"","overlay-gradient":""},"tablet":{"background-color":"","background-image":"","background-repeat":"repeat","background-position":"center center","background-size":"auto","background-attachment":"scroll","background-type":"","background-media":"","overlay-type":"","overlay-color":"","overlay-opacity":"","overlay-gradient":""},"mobile":{"background-color":"","background-image":"","background-repeat":"repeat","background-position":"center center","background-size":"auto","background-attachment":"scroll","background-type":"","background-media":"","overlay-type":"","overlay-color":"","overlay-opacity":"","overlay-gradient":""}},"ast-content-background-meta":{"desktop":{"background-color":"var(--ast-global-color-5)","background-image":"","background-repeat":"repeat","background-position":"center center","background-size":"auto","background-attachment":"scroll","background-type":"","background-media":"","overlay-type":"","overlay-color":"","overlay-opacity":"","overlay-gradient":""},"tablet":{"background-color":"var(--ast-global-color-5)","background-image":"","background-repeat":"repeat","background-position":"center center","background-size":"auto","background-attachment":"scroll","background-type":"","background-media":"","overlay-type":"","overlay-color":"","overlay-opacity":"","overlay-gradient":""},"mobile":{"background-color":"var(--ast-global-color-5)","background-image":"","background-repeat":"repeat","background-position":"center center","background-size":"auto","background-attachment":"scroll","background-type":"","background-media":"","overlay-type":"","overlay-color":"","overlay-opacity":"","overlay-gradient":""}},"footnotes":""},"class_list":["post-24","page","type-page","status-publish","hentry"],"uagb_featured_image_src":{"full":false,"thumbnail":false,"medium":false,"medium_large":false,"large":false,"1536x1536":false,"2048x2048":false,"trp-custom-language-flag":false,"woocommerce_thumbnail":false,"woocommerce_single":false,"woocommerce_gallery_thumbnail":false},"uagb_author_info":{"display_name":false,"author_link":"https:\/\/granjashouse.com\/en\/author\/filipagranja23gmail-com\/"},"uagb_comment_info":0,"uagb_excerpt":"ESPA\u00c7OS PISCINA EXTERIOR BAR EXTERIOR SAL\u00c3O PEQUENOS-ALMO\u00c7OS COZINHA","_links":{"self":[{"href":"https:\/\/granjashouse.com\/en\/wp-json\/wp\/v2\/pages\/24"}],"collection":[{"href":"https:\/\/granjashouse.com\/en\/wp-json\/wp\/v2\/pages"}],"about":[{"href":"https:\/\/granjashouse.com\/en\/wp-json\/wp\/v2\/types\/page"}],"author":[{"embeddable":true,"href":"https:\/\/granjashouse.com\/en\/wp-json\/wp\/v2\/users\/1"}],"replies":[{"embeddable":true,"href":"https:\/\/granjashouse.com\/en\/wp-json\/wp\/v2\/comments?post=24"}],"version-history":[{"count":109,"href":"https:\/\/granjashouse.com\/en\/wp-json\/wp\/v2\/pages\/24\/revisions"}],"predecessor-version":[{"id":3930,"href":"https:\/\/granjashouse.com\/en\/wp-json\/wp\/v2\/pages\/24\/revisions\/3930"}],"wp:attachment":[{"href":"https:\/\/granjashouse.com\/en\/wp-json\/wp\/v2\/media?parent=24"}],"curies":[{"name":"wp","href":"https:\/\/api.w.org\/{rel}","templated":true}]}}