{"id":2545,"date":"2024-10-18T15:43:12","date_gmt":"2024-10-18T15:43:12","guid":{"rendered":"https:\/\/granjashouse.com\/?page_id=2545"},"modified":"2025-02-25T12:19:11","modified_gmt":"2025-02-25T12:19:11","slug":"eventos","status":"publish","type":"page","link":"https:\/\/granjashouse.com\/en\/eventos\/","title":{"rendered":"EVENTS"},"content":{"rendered":"<div data-elementor-type=\"wp-page\" data-elementor-id=\"2545\" class=\"elementor elementor-2545\">\n\t\t\t\t<div class=\"elementor-element elementor-element-4d7543d e-con-full e-flex e-con e-parent\" data-id=\"4d7543d\" data-element_type=\"container\" data-settings=\"{&quot;background_background&quot;:&quot;classic&quot;}\">\n\t\t\t\t<div class=\"elementor-element elementor-element-c9c4e09 elementor-widget elementor-widget-image\" data-id=\"c9c4e09\" data-element_type=\"widget\" data-widget_type=\"image.default\">\n\t\t\t\t<div class=\"elementor-widget-container\">\n\t\t\t\t\t\t\t\t\t\t\t\t\t<img decoding=\"async\" src=\"https:\/\/granjashouse.com\/wp-content\/uploads\/elementor\/thumbs\/cropped-2-qqkan9f6qrfqbbq8kmgkcwknaqo6kfub8l4q2lhm20.png\" title=\"cropped-2.png\" alt=\"\" loading=\"lazy\" \/>\t\t\t\t\t\t\t\t\t\t\t\t\t<\/div>\n\t\t\t\t<\/div>\n\t\t\t\t<div class=\"elementor-element elementor-element-ec6f9ed elementor-widget elementor-widget-heading\" data-id=\"ec6f9ed\" data-element_type=\"widget\" data-widget_type=\"heading.default\">\n\t\t\t\t<div class=\"elementor-widget-container\">\n\t\t\t<h6 class=\"elementor-heading-title elementor-size-default\">EVENTS<\/h6>\t\t<\/div>\n\t\t\t\t<\/div>\n\t\t\t\t<\/div>\n\t\t<div class=\"elementor-element elementor-element-dc810e2 e-flex e-con-boxed e-con e-parent\" data-id=\"dc810e2\" data-element_type=\"container\">\n\t\t\t\t\t<div class=\"e-con-inner\">\n\t\t<div class=\"elementor-element elementor-element-f349221 e-con-full e-flex e-con e-child\" data-id=\"f349221\" data-element_type=\"container\">\n\t\t\t\t<div class=\"elementor-element elementor-element-6def028 elementor-widget elementor-widget-image\" data-id=\"6def028\" data-element_type=\"widget\" data-widget_type=\"image.default\">\n\t\t\t\t<div class=\"elementor-widget-container\">\n\t\t\t\t\t\t\t\t\t\t\t\t\t<img fetchpriority=\"high\" decoding=\"async\" width=\"1024\" height=\"683\" src=\"https:\/\/granjashouse.com\/wp-content\/uploads\/2025\/02\/WhatsApp-Image-2025-02-25-at-10.43.41-1-1024x683.jpeg\" class=\"attachment-large size-large wp-image-3665\" alt=\"\" srcset=\"https:\/\/granjashouse.com\/wp-content\/uploads\/2025\/02\/WhatsApp-Image-2025-02-25-at-10.43.41-1-1024x683.jpeg 1024w, https:\/\/granjashouse.com\/wp-content\/uploads\/2025\/02\/WhatsApp-Image-2025-02-25-at-10.43.41-1-300x200.jpeg 300w, https:\/\/granjashouse.com\/wp-content\/uploads\/2025\/02\/WhatsApp-Image-2025-02-25-at-10.43.41-1-768x512.jpeg 768w, https:\/\/granjashouse.com\/wp-content\/uploads\/2025\/02\/WhatsApp-Image-2025-02-25-at-10.43.41-1-1536x1024.jpeg 1536w, https:\/\/granjashouse.com\/wp-content\/uploads\/2025\/02\/WhatsApp-Image-2025-02-25-at-10.43.41-1-600x400.jpeg 600w, https:\/\/granjashouse.com\/wp-content\/uploads\/2025\/02\/WhatsApp-Image-2025-02-25-at-10.43.41-1.jpeg 2048w\" sizes=\"(max-width: 1024px) 100vw, 1024px\" \/>\t\t\t\t\t\t\t\t\t\t\t\t\t<\/div>\n\t\t\t\t<\/div>\n\t\t\t\t<\/div>\n\t\t<div class=\"elementor-element elementor-element-bd53d24 e-con-full e-flex e-con e-child\" data-id=\"bd53d24\" data-element_type=\"container\">\n\t\t\t\t<div class=\"elementor-element elementor-element-809feaa elementor-widget__width-initial elementor-widget elementor-widget-text-editor\" data-id=\"809feaa\" data-element_type=\"widget\" data-widget_type=\"text-editor.default\">\n\t\t\t\t<div class=\"elementor-widget-container\">\n\t\t\t\t\t\t\t<p class=\"cvGsUA direction-ltr align-start para-style-body\"><span class=\"OYPEnA font-feature-liga-off font-feature-clig-off font-feature-calt-off text-decoration-none text-strikethrough-none\">At GRANJAS HOUSE you have the opportunity to hold your event with an incredible view!<\/span><\/p>\n<p class=\"cvGsUA direction-ltr align-start para-style-body\"><span class=\"OYPEnA font-feature-liga-off font-feature-clig-off font-feature-calt-off text-decoration-none text-strikethrough-none\"><br><\/span><\/p>\n<p class=\"cvGsUA direction-ltr align-start para-style-body\"><span class=\"OYPEnA font-feature-liga-off font-feature-clig-off font-feature-calt-off text-decoration-none text-strikethrough-none\">The space is easily adaptable to every need and has a fully equipped kitchen.<\/span><\/p>\n<p class=\"cvGsUA direction-ltr align-start para-style-body\"><span class=\"OYPEnA font-feature-liga-off font-feature-clig-off font-feature-calt-off text-decoration-none text-strikethrough-none\">On the day of your reservation there will be no other guests in the accommodation, offering you greater comfort and privacy.<\/span><\/p>\n<p class=\"cvGsUA direction-ltr align-start para-style-body\"><span class=\"OYPEnA font-feature-liga-off font-feature-clig-off font-feature-calt-off text-decoration-none text-strikethrough-none\">We don't have a catering service, but third parties are allowed.<\/span><\/p><p class=\"cvGsUA direction-ltr align-start para-style-body\"><span class=\"OYPEnA font-feature-liga-off font-feature-clig-off font-feature-calt-off text-decoration-none text-strikethrough-none\"><br><\/span><\/p>\n<p class=\"cvGsUA direction-ltr align-start para-style-body\">\n<\/p><p class=\"cvGsUA direction-ltr align-start para-style-body\"><span class=\"OYPEnA font-feature-liga-off font-feature-clig-off font-feature-calt-off text-decoration-none text-strikethrough-none\">For reservations or more information, please contact us at geral@granjashouse.com.<\/span><\/p>\t\t\t\t\t\t<\/div>\n\t\t\t\t<\/div>\n\t\t\t\t<\/div>\n\t\t\t\t\t<\/div>\n\t\t\t\t<\/div>\n\t\t<div class=\"elementor-element elementor-element-98b8ead e-flex e-con-boxed e-con e-parent\" data-id=\"98b8ead\" data-element_type=\"container\">\n\t\t\t\t\t<div class=\"e-con-inner\">\n\t\t<div class=\"elementor-element elementor-element-895cbcc e-con-full e-flex e-con e-child\" data-id=\"895cbcc\" data-element_type=\"container\">\n\t\t\t\t<div class=\"elementor-element elementor-element-e265a3e elementor-widget elementor-widget-image\" data-id=\"e265a3e\" data-element_type=\"widget\" data-widget_type=\"image.default\">\n\t\t\t\t<div class=\"elementor-widget-container\">\n\t\t\t\t\t\t\t\t\t\t\t\t\t<img decoding=\"async\" width=\"1024\" height=\"683\" src=\"https:\/\/granjashouse.com\/wp-content\/uploads\/2024\/11\/image00065-3-1024x683.jpeg\" class=\"attachment-large size-large wp-image-3273\" alt=\"\" srcset=\"https:\/\/granjashouse.com\/wp-content\/uploads\/2024\/11\/image00065-3-1024x683.jpeg 1024w, https:\/\/granjashouse.com\/wp-content\/uploads\/2024\/11\/image00065-3-300x200.jpeg 300w, https:\/\/granjashouse.com\/wp-content\/uploads\/2024\/11\/image00065-3-768x512.jpeg 768w, https:\/\/granjashouse.com\/wp-content\/uploads\/2024\/11\/image00065-3-1536x1024.jpeg 1536w, https:\/\/granjashouse.com\/wp-content\/uploads\/2024\/11\/image00065-3-2048x1365.jpeg 2048w, https:\/\/granjashouse.com\/wp-content\/uploads\/2024\/11\/image00065-3-600x400.jpeg 600w\" sizes=\"(max-width: 1024px) 100vw, 1024px\" \/>\t\t\t\t\t\t\t\t\t\t\t\t\t<\/div>\n\t\t\t\t<\/div>\n\t\t\t\t<\/div>\n\t\t<div class=\"elementor-element elementor-element-e699dd1 e-con-full e-flex e-con e-child\" data-id=\"e699dd1\" data-element_type=\"container\">\n\t\t\t\t<div class=\"elementor-element elementor-element-a8d1235 elementor-widget elementor-widget-image\" data-id=\"a8d1235\" data-element_type=\"widget\" data-widget_type=\"image.default\">\n\t\t\t\t<div class=\"elementor-widget-container\">\n\t\t\t\t\t\t\t\t\t\t\t\t\t<img decoding=\"async\" width=\"1024\" height=\"684\" src=\"https:\/\/granjashouse.com\/wp-content\/uploads\/2024\/11\/image00013-1024x684.jpeg\" class=\"attachment-large size-large wp-image-3272\" alt=\"\" srcset=\"https:\/\/granjashouse.com\/wp-content\/uploads\/2024\/11\/image00013-1024x684.jpeg 1024w, https:\/\/granjashouse.com\/wp-content\/uploads\/2024\/11\/image00013-300x200.jpeg 300w, https:\/\/granjashouse.com\/wp-content\/uploads\/2024\/11\/image00013-768x513.jpeg 768w, https:\/\/granjashouse.com\/wp-content\/uploads\/2024\/11\/image00013-1536x1025.jpeg 1536w, https:\/\/granjashouse.com\/wp-content\/uploads\/2024\/11\/image00013-2048x1367.jpeg 2048w, https:\/\/granjashouse.com\/wp-content\/uploads\/2024\/11\/image00013-600x401.jpeg 600w\" sizes=\"(max-width: 1024px) 100vw, 1024px\" \/>\t\t\t\t\t\t\t\t\t\t\t\t\t<\/div>\n\t\t\t\t<\/div>\n\t\t\t\t<\/div>\n\t\t\t\t\t<\/div>\n\t\t\t\t<\/div>\n\t\t<div class=\"elementor-element elementor-element-86de700 e-flex e-con-boxed e-con e-parent\" data-id=\"86de700\" data-element_type=\"container\">\n\t\t\t\t\t<div class=\"e-con-inner\">\n\t\t<div class=\"elementor-element elementor-element-31515a0 e-con-full e-flex e-con e-child\" data-id=\"31515a0\" data-element_type=\"container\">\n\t\t\t\t<div class=\"elementor-element elementor-element-342a281 elementor-widget elementor-widget-image\" data-id=\"342a281\" data-element_type=\"widget\" data-widget_type=\"image.default\">\n\t\t\t\t<div class=\"elementor-widget-container\">\n\t\t\t\t\t\t\t\t\t\t\t\t\t<img loading=\"lazy\" decoding=\"async\" width=\"1024\" height=\"684\" src=\"https:\/\/granjashouse.com\/wp-content\/uploads\/2024\/11\/502-1-1024x684.jpg\" class=\"attachment-large size-large wp-image-3260\" alt=\"\" srcset=\"https:\/\/granjashouse.com\/wp-content\/uploads\/2024\/11\/502-1-1024x684.jpg 1024w, https:\/\/granjashouse.com\/wp-content\/uploads\/2024\/11\/502-1-300x200.jpg 300w, https:\/\/granjashouse.com\/wp-content\/uploads\/2024\/11\/502-1-768x513.jpg 768w, https:\/\/granjashouse.com\/wp-content\/uploads\/2024\/11\/502-1-1536x1025.jpg 1536w, https:\/\/granjashouse.com\/wp-content\/uploads\/2024\/11\/502-1-2048x1367.jpg 2048w, https:\/\/granjashouse.com\/wp-content\/uploads\/2024\/11\/502-1-600x401.jpg 600w\" sizes=\"(max-width: 1024px) 100vw, 1024px\" \/>\t\t\t\t\t\t\t\t\t\t\t\t\t<\/div>\n\t\t\t\t<\/div>\n\t\t\t\t<\/div>\n\t\t<div class=\"elementor-element elementor-element-403713e e-con-full e-flex e-con e-child\" data-id=\"403713e\" data-element_type=\"container\">\n\t\t\t\t<div class=\"elementor-element elementor-element-049c541 elementor-widget elementor-widget-image\" data-id=\"049c541\" data-element_type=\"widget\" data-widget_type=\"image.default\">\n\t\t\t\t<div class=\"elementor-widget-container\">\n\t\t\t\t\t\t\t\t\t\t\t\t\t<img loading=\"lazy\" decoding=\"async\" width=\"1024\" height=\"684\" src=\"https:\/\/granjashouse.com\/wp-content\/uploads\/2024\/11\/image00027-1-1024x684.jpeg\" class=\"attachment-large size-large wp-image-3206\" alt=\"\" srcset=\"https:\/\/granjashouse.com\/wp-content\/uploads\/2024\/11\/image00027-1-1024x684.jpeg 1024w, https:\/\/granjashouse.com\/wp-content\/uploads\/2024\/11\/image00027-1-300x200.jpeg 300w, https:\/\/granjashouse.com\/wp-content\/uploads\/2024\/11\/image00027-1-768x513.jpeg 768w, https:\/\/granjashouse.com\/wp-content\/uploads\/2024\/11\/image00027-1-1536x1025.jpeg 1536w, https:\/\/granjashouse.com\/wp-content\/uploads\/2024\/11\/image00027-1-2048x1367.jpeg 2048w, https:\/\/granjashouse.com\/wp-content\/uploads\/2024\/11\/image00027-1-600x401.jpeg 600w\" sizes=\"(max-width: 1024px) 100vw, 1024px\" \/>\t\t\t\t\t\t\t\t\t\t\t\t\t<\/div>\n\t\t\t\t<\/div>\n\t\t\t\t<\/div>\n\t\t\t\t\t<\/div>\n\t\t\t\t<\/div>\n\t\t\t\t<\/div>","protected":false},"excerpt":{"rendered":"<p>EVENTOS Na GRANJAS HOUSE tem a oportunidade de realizar o seu evento com uma vista incr\u00edvel! O espa\u00e7o \u00e9 facilmente adapt\u00e1vel a cada necessidade e disp\u00f5e de uma cozinha totalmente equipada. No dia da sua reserva n\u00e3o haver\u00e1 outros hospedes no alojamento, oferecendo assim um maior conforto e privacidade. N\u00e3o dispomos de servi\u00e7o de catering, [&hellip;]<\/p>","protected":false},"author":1,"featured_media":0,"parent":0,"menu_order":0,"comment_status":"closed","ping_status":"closed","template":"","meta":{"_uag_custom_page_level_css":"","site-sidebar-layout":"no-sidebar","site-content-layout":"page-builder","ast-site-content-layout":"full-width-container","site-content-style":"default","site-sidebar-style":"default","ast-global-header-display":"","ast-banner-title-visibility":"","ast-main-header-display":"","ast-hfb-above-header-display":"","ast-hfb-below-header-display":"","ast-hfb-mobile-header-display":"","site-post-title":"disabled","ast-breadcrumbs-content":"","ast-featured-img":"disabled","footer-sml-layout":"","theme-transparent-header-meta":"","adv-header-id-meta":"","stick-header-meta":"","header-above-stick-meta":"","header-main-stick-meta":"","header-below-stick-meta":"","astra-migrate-meta-layouts":"set","ast-page-background-enabled":"default","ast-page-background-meta":{"desktop":{"background-color":"var(--ast-global-color-4)","background-image":"","background-repeat":"repeat","background-position":"center center","background-size":"auto","background-attachment":"scroll","background-type":"","background-media":"","overlay-type":"","overlay-color":"","overlay-opacity":"","overlay-gradient":""},"tablet":{"background-color":"","background-image":"","background-repeat":"repeat","background-position":"center center","background-size":"auto","background-attachment":"scroll","background-type":"","background-media":"","overlay-type":"","overlay-color":"","overlay-opacity":"","overlay-gradient":""},"mobile":{"background-color":"","background-image":"","background-repeat":"repeat","background-position":"center center","background-size":"auto","background-attachment":"scroll","background-type":"","background-media":"","overlay-type":"","overlay-color":"","overlay-opacity":"","overlay-gradient":""}},"ast-content-background-meta":{"desktop":{"background-color":"var(--ast-global-color-5)","background-image":"","background-repeat":"repeat","background-position":"center center","background-size":"auto","background-attachment":"scroll","background-type":"","background-media":"","overlay-type":"","overlay-color":"","overlay-opacity":"","overlay-gradient":""},"tablet":{"background-color":"var(--ast-global-color-5)","background-image":"","background-repeat":"repeat","background-position":"center center","background-size":"auto","background-attachment":"scroll","background-type":"","background-media":"","overlay-type":"","overlay-color":"","overlay-opacity":"","overlay-gradient":""},"mobile":{"background-color":"var(--ast-global-color-5)","background-image":"","background-repeat":"repeat","background-position":"center center","background-size":"auto","background-attachment":"scroll","background-type":"","background-media":"","overlay-type":"","overlay-color":"","overlay-opacity":"","overlay-gradient":""}},"footnotes":""},"class_list":["post-2545","page","type-page","status-publish","hentry"],"uagb_featured_image_src":{"full":false,"thumbnail":false,"medium":false,"medium_large":false,"large":false,"1536x1536":false,"2048x2048":false,"trp-custom-language-flag":false,"woocommerce_thumbnail":false,"woocommerce_single":false,"woocommerce_gallery_thumbnail":false},"uagb_author_info":{"display_name":false,"author_link":"https:\/\/granjashouse.com\/en\/author\/filipagranja23gmail-com\/"},"uagb_comment_info":0,"uagb_excerpt":"EVENTOS Na GRANJAS HOUSE tem a oportunidade de realizar o seu evento com uma vista incr\u00edvel! O espa\u00e7o \u00e9 facilmente adapt\u00e1vel a cada necessidade e disp\u00f5e de uma cozinha totalmente equipada. No dia da sua reserva n\u00e3o haver\u00e1 outros hospedes no alojamento, oferecendo assim um maior conforto e privacidade. N\u00e3o dispomos de servi\u00e7o de catering,&hellip;","_links":{"self":[{"href":"https:\/\/granjashouse.com\/en\/wp-json\/wp\/v2\/pages\/2545"}],"collection":[{"href":"https:\/\/granjashouse.com\/en\/wp-json\/wp\/v2\/pages"}],"about":[{"href":"https:\/\/granjashouse.com\/en\/wp-json\/wp\/v2\/types\/page"}],"author":[{"embeddable":true,"href":"https:\/\/granjashouse.com\/en\/wp-json\/wp\/v2\/users\/1"}],"replies":[{"embeddable":true,"href":"https:\/\/granjashouse.com\/en\/wp-json\/wp\/v2\/comments?post=2545"}],"version-history":[{"count":55,"href":"https:\/\/granjashouse.com\/en\/wp-json\/wp\/v2\/pages\/2545\/revisions"}],"predecessor-version":[{"id":3726,"href":"https:\/\/granjashouse.com\/en\/wp-json\/wp\/v2\/pages\/2545\/revisions\/3726"}],"wp:attachment":[{"href":"https:\/\/granjashouse.com\/en\/wp-json\/wp\/v2\/media?parent=2545"}],"curies":[{"name":"wp","href":"https:\/\/api.w.org\/{rel}","templated":true}]}}